{"id":13,"date":"2021-10-23T08:13:53","date_gmt":"2021-10-23T08:13:53","guid":{"rendered":"https:\/\/pentruaiton.org\/?page_id=13"},"modified":"2022-01-26T20:51:27","modified_gmt":"2022-01-26T20:51:27","slug":"home","status":"publish","type":"page","link":"https:\/\/pentruaiton.org\/hu\/","title":{"rendered":"R\u00f3l r\u0151l"},"content":{"rendered":"<div class=\"hestia-features-content\">\n<div class=\"row\">\n<div class=\"col-xs-12 col-md-4 feature-box\">\n<div class=\"hestia-info\">\n<a href=\"https:\/\/pentruaiton.org\/hu\/statut\/\"><\/p>\n<div class=\"icon\" style=\"color: #1fa67a;\"><i class=\"fa fa-university\"><\/i><\/div>\n<h4 class=\"info-title\">Alapszab\u00e1ly<\/h4>\n<p><\/a><\/p>\n<p>Itt olvashat\u00f3 az egyes\u00fclet alapszab\u00e1lya.<\/p>\n<\/div>\n<\/div>\n<div class=\"col-xs-12 col-md-4 feature-box\">\n<div class=\"hestia-info\">\n<a href=\"https:\/\/pentruaiton.org\/hu\/sprijin\/\"><\/p>\n<div class=\"icon\" style=\"color: #1fa67a;\"><i class=\"fa fa-credit-card\"><\/i><\/div>\n<h4 class=\"info-title\">T\u00e1mogat\u00e1s<\/h4>\n<p><\/a><\/p>\n<p>Az egyes\u00fclet tev\u00e9kenys\u00e9ge nagy m\u00e9rt\u00e9kben f\u00fcgg  az adom\u00e1nyokt\u00f3l illetve az anyagi t\u00e1mogat\u00e1sokt\u00f3l . Biztos\u00edtunk afel\u0151l, hogy a kapott t\u00e1mogat\u00e1sokat megfontoltan \u00e9s \u00e1tl\u00e1that\u00f3an haszn\u00e1ljuk.<\/p>\n<\/div>\n<\/div>\n<div class=\"col-xs-12 col-md-4 feature-box\">\n<div class=\"hestia-info\">\n<a href=\"https:\/\/pentruaiton.org\/hu\/inscriere\/\"><\/p>\n<div class=\"icon\" style=\"color: #1fa67a;\"><i class=\"fa fa-address-card\"><\/i><\/div>\n<h4 class=\"info-title\">Jelentkez\u00e9s<\/h4>\n<p><\/a><\/p>\n<p>Tetszik a tev\u00e9kenys\u00e9g\u00fcnk \u00e9s szeretn\u00e9l csatlakozni? Ezen sz\u00e1nd\u00e9kodat az al\u00e1bbi k\u00e9rd\u0151\u00edv kit\u00f6lt\u00e9s\u00e9vel adhatod tudtunkra.<\/p>\n<\/div>\n<\/div>\n<\/div>\n<\/div>\n","protected":false},"excerpt":{"rendered":"<p>Alapszab\u00e1ly Itt olvashat\u00f3 az egyes\u00fclet alapszab\u00e1lya. T\u00e1mogat\u00e1s Az egyes\u00fclet tev\u00e9kenys\u00e9ge nagy m\u00e9rt\u00e9kben f\u00fcgg az adom\u00e1nyokt\u00f3l illetve az anyagi t\u00e1mogat\u00e1sokt\u00f3l . Biztos\u00edtunk afel\u0151l, hogy a kapott t\u00e1mogat\u00e1sokat megfontoltan \u00e9s \u00e1tl\u00e1that\u00f3an haszn\u00e1ljuk. Jelentkez\u00e9s Tetszik a tev\u00e9kenys\u00e9g\u00fcnk \u00e9s szeretn\u00e9l csatlakozni? Ezen sz\u00e1nd\u00e9kodat az al\u00e1bbi k\u00e9rd\u0151\u00edv kit\u00f6lt\u00e9s\u00e9vel adhatod tudtunkra.<\/p>\n","protected":false},"author":1,"featured_media":43,"parent":0,"menu_order":0,"comment_status":"closed","ping_status":"closed","template":"","meta":{"ngg_post_thumbnail":0,"footnotes":""},"class_list":["post-13","page","type-page","status-publish","has-post-thumbnail","hentry"],"translation":{"provider":"WPGlobus","version":"3.0.2","language":"hu","enabled_languages":["ro","hu"],"languages":{"ro":{"title":true,"content":true,"excerpt":false},"hu":{"title":true,"content":true,"excerpt":false}}},"_links":{"self":[{"href":"https:\/\/pentruaiton.org\/hu\/wp-json\/wp\/v2\/pages\/13","targetHints":{"allow":["GET"]}}],"collection":[{"href":"https:\/\/pentruaiton.org\/hu\/wp-json\/wp\/v2\/pages"}],"about":[{"href":"https:\/\/pentruaiton.org\/hu\/wp-json\/wp\/v2\/types\/page"}],"author":[{"embeddable":true,"href":"https:\/\/pentruaiton.org\/hu\/wp-json\/wp\/v2\/users\/1"}],"replies":[{"embeddable":true,"href":"https:\/\/pentruaiton.org\/hu\/wp-json\/wp\/v2\/comments?post=13"}],"version-history":[{"count":47,"href":"https:\/\/pentruaiton.org\/hu\/wp-json\/wp\/v2\/pages\/13\/revisions"}],"predecessor-version":[{"id":334,"href":"https:\/\/pentruaiton.org\/hu\/wp-json\/wp\/v2\/pages\/13\/revisions\/334"}],"wp:featuredmedia":[{"embeddable":true,"href":"https:\/\/pentruaiton.org\/hu\/wp-json\/wp\/v2\/media\/43"}],"wp:attachment":[{"href":"https:\/\/pentruaiton.org\/hu\/wp-json\/wp\/v2\/media?parent=13"}],"curies":[{"name":"wp","href":"https:\/\/api.w.org\/{rel}","templated":true}]}}