{"id":142,"date":"2021-11-10T07:44:58","date_gmt":"2021-11-10T07:44:58","guid":{"rendered":"https:\/\/pentruaiton.org\/?page_id=142"},"modified":"2026-01-16T18:32:20","modified_gmt":"2026-01-16T18:32:20","slug":"sprijin","status":"publish","type":"page","link":"https:\/\/pentruaiton.org\/hu\/sprijin\/","title":{"rendered":"T\u00e1mogat\u00e1s"},"content":{"rendered":"<p>Ha akt\u00edv tagja vagy az egyes\u00fcletnek, vagy ha t\u00e1mogatni szeretn\u00e9d tev\u00e9kenys\u00e9geinket, k\u00e9rj\u00fck haszn\u00e1ld a k\u00f6vetkez\u0151 banki adatokat, megjel\u00f6lve az utal\u00e1s c\u00e9lj\u00e1t \u2013 <strong>PLAT\u0102 COTIZA\u0162IE<\/strong> (TAGD\u00cdJ) vagy <strong>DONA\u0162IE<\/strong> (ADOM\u00c1NY).<\/p>\n<p><strong>Elnevez\u00e9s<\/strong>: ASOCIA\u0162IA PENTRU AITON \/ AJTON\u00c9RT EGYES\u00dcLET<br \/>\n<strong>CIF<\/strong>: 44851920<br \/>\n<strong>Banksz\u00e1mla<\/strong>: RO15RNCB0631171051780001<br \/>\n<strong>Bank<\/strong>: Banca Comercial\u0103 Rom\u00e2n\u0103<br \/>\n<strong>Swift<\/strong>: RNCBROBU<\/p>\n","protected":false},"excerpt":{"rendered":"<p>Ha akt\u00edv tagja vagy az egyes\u00fcletnek, vagy ha t\u00e1mogatni szeretn\u00e9d tev\u00e9kenys\u00e9geinket, k\u00e9rj\u00fck haszn\u00e1ld a k\u00f6vetkez\u0151 banki adatokat, megjel\u00f6lve az utal\u00e1s c\u00e9lj\u00e1t \u2013 PLAT\u0102 COTIZA\u0162IE (TAGD\u00cdJ) vagy DONA\u0162IE (ADOM\u00c1NY). Elnevez\u00e9s: ASOCIA\u0162IA PENTRU AITON \/ AJTON\u00c9RT EGYES\u00dcLET CIF: 44851920 Banksz\u00e1mla: RO15RNCB0631171051780001 Bank: Banca Comercial\u0103 Rom\u00e2n\u0103 Swift: RNCBROBU<\/p>\n","protected":false},"author":1,"featured_media":86,"parent":0,"menu_order":0,"comment_status":"closed","ping_status":"closed","template":"","meta":{"ngg_post_thumbnail":0,"footnotes":""},"class_list":["post-142","page","type-page","status-publish","has-post-thumbnail","hentry"],"translation":{"provider":"WPGlobus","version":"3.0.2","language":"hu","enabled_languages":["ro","hu"],"languages":{"ro":{"title":true,"content":true,"excerpt":false},"hu":{"title":true,"content":true,"excerpt":false}}},"_links":{"self":[{"href":"https:\/\/pentruaiton.org\/hu\/wp-json\/wp\/v2\/pages\/142","targetHints":{"allow":["GET"]}}],"collection":[{"href":"https:\/\/pentruaiton.org\/hu\/wp-json\/wp\/v2\/pages"}],"about":[{"href":"https:\/\/pentruaiton.org\/hu\/wp-json\/wp\/v2\/types\/page"}],"author":[{"embeddable":true,"href":"https:\/\/pentruaiton.org\/hu\/wp-json\/wp\/v2\/users\/1"}],"replies":[{"embeddable":true,"href":"https:\/\/pentruaiton.org\/hu\/wp-json\/wp\/v2\/comments?post=142"}],"version-history":[{"count":13,"href":"https:\/\/pentruaiton.org\/hu\/wp-json\/wp\/v2\/pages\/142\/revisions"}],"predecessor-version":[{"id":152,"href":"https:\/\/pentruaiton.org\/hu\/wp-json\/wp\/v2\/pages\/142\/revisions\/152"}],"wp:featuredmedia":[{"embeddable":true,"href":"https:\/\/pentruaiton.org\/hu\/wp-json\/wp\/v2\/media\/86"}],"wp:attachment":[{"href":"https:\/\/pentruaiton.org\/hu\/wp-json\/wp\/v2\/media?parent=142"}],"curies":[{"name":"wp","href":"https:\/\/api.w.org\/{rel}","templated":true}]}}