{"id":322,"date":"2022-01-26T20:37:18","date_gmt":"2022-01-26T20:37:18","guid":{"rendered":"https:\/\/pentruaiton.org\/?page_id=322"},"modified":"2023-08-09T14:08:12","modified_gmt":"2023-08-09T14:08:12","slug":"aitonul-curat","status":"publish","type":"page","link":"https:\/\/pentruaiton.org\/hu\/aitonul-curat\/","title":{"rendered":"Tiszta Ajton"},"content":{"rendered":"<p>Cei mai mul\u0163i oameni apreciaz\u0103 cur\u0103\u0163enia locului \u00een care \u00ee\u015fi duc via\u0163a. Nu putem l\u0103sa aceasta doar \u00een seama altora, ale\u015fi sau pl\u0103ti\u0163i, \u015fi de aceea consider\u0103m c\u0103 oricare dintre noi putem contribui, fiecare dup\u0103 posibilit\u0103\u0163i, la p\u0103strarea unui mediu \u00eenconjur\u0103tor \u00een care s\u0103 ne fac\u0103 pl\u0103cere s\u0103 convie\u0163uim.<br \/>\nCur\u0103\u0163enia de Pa\u015fte a devenit o tradi\u0163ie \u00een calendarul nostru de activit\u0103\u0163i, \u00eens\u0103 nu ne limit\u0103m la at\u00e2t, mobiliz\u00e2ndu-ne ori de c\u00e2te ori apare c\u00e2te un loc pe care \u00eel putem face mai bun.<\/p>\n","protected":false},"excerpt":{"rendered":"<p>Cei mai mul\u0163i oameni apreciaz\u0103 cur\u0103\u0163enia locului \u00een care \u00ee\u015fi duc via\u0163a. Nu putem l\u0103sa aceasta doar \u00een seama altora, ale\u015fi sau pl\u0103ti\u0163i, \u015fi de aceea consider\u0103m c\u0103 oricare dintre noi putem contribui, fiecare dup\u0103 posibilit\u0103\u0163i, la p\u0103strarea unui mediu \u00eenconjur\u0103tor \u00een care s\u0103 ne fac\u0103 pl\u0103cere s\u0103 convie\u0163uim. Cur\u0103\u0163enia [&hellip;]<\/p>\n","protected":false},"author":1,"featured_media":0,"parent":0,"menu_order":0,"comment_status":"closed","ping_status":"closed","template":"","meta":{"ngg_post_thumbnail":0,"footnotes":""},"class_list":["post-322","page","type-page","status-publish","hentry"],"translation":{"provider":"WPGlobus","version":"3.0.2","language":"hu","enabled_languages":["ro","hu"],"languages":{"ro":{"title":true,"content":true,"excerpt":false},"hu":{"title":true,"content":false,"excerpt":false}}},"_links":{"self":[{"href":"https:\/\/pentruaiton.org\/hu\/wp-json\/wp\/v2\/pages\/322","targetHints":{"allow":["GET"]}}],"collection":[{"href":"https:\/\/pentruaiton.org\/hu\/wp-json\/wp\/v2\/pages"}],"about":[{"href":"https:\/\/pentruaiton.org\/hu\/wp-json\/wp\/v2\/types\/page"}],"author":[{"embeddable":true,"href":"https:\/\/pentruaiton.org\/hu\/wp-json\/wp\/v2\/users\/1"}],"replies":[{"embeddable":true,"href":"https:\/\/pentruaiton.org\/hu\/wp-json\/wp\/v2\/comments?post=322"}],"version-history":[{"count":4,"href":"https:\/\/pentruaiton.org\/hu\/wp-json\/wp\/v2\/pages\/322\/revisions"}],"predecessor-version":[{"id":439,"href":"https:\/\/pentruaiton.org\/hu\/wp-json\/wp\/v2\/pages\/322\/revisions\/439"}],"wp:attachment":[{"href":"https:\/\/pentruaiton.org\/hu\/wp-json\/wp\/v2\/media?parent=322"}],"curies":[{"name":"wp","href":"https:\/\/api.w.org\/{rel}","templated":true}]}}