{"id":325,"date":"2022-01-26T20:38:04","date_gmt":"2022-01-26T20:38:04","guid":{"rendered":"https:\/\/pentruaiton.org\/?page_id=325"},"modified":"2024-03-24T13:24:23","modified_gmt":"2024-03-24T13:24:23","slug":"aitonul-muzical","status":"publish","type":"page","link":"https:\/\/pentruaiton.org\/hu\/aitonul-muzical\/","title":{"rendered":"Zen\u00e9s Ajton"},"content":{"rendered":"<p>Asocia\u0163ia noastr\u0103 promoveaz\u0103 organizarea activit\u0103\u0163ilor culturale de orice fel, credin\u0163a noastr\u0103 fiind c\u0103 o comunitate s\u0103n\u0103toas\u0103 este o comunitate educat\u0103. Cu diferite ocazii, \u00een special cu ocazia marilor s\u0103rb\u0103tori religioase, ne bucur\u0103m s\u0103 aducem muzica \u015fi filmul \u00een inima locuitorilor satului.<\/p>\n","protected":false},"excerpt":{"rendered":"<p>Asocia\u0163ia noastr\u0103 promoveaz\u0103 organizarea activit\u0103\u0163ilor culturale de orice fel, credin\u0163a noastr\u0103 fiind c\u0103 o comunitate s\u0103n\u0103toas\u0103 este o comunitate educat\u0103. Cu diferite ocazii, \u00een special cu ocazia marilor s\u0103rb\u0103tori religioase, ne bucur\u0103m s\u0103 aducem muzica \u015fi filmul \u00een inima locuitorilor satului.<\/p>\n","protected":false},"author":1,"featured_media":0,"parent":0,"menu_order":0,"comment_status":"closed","ping_status":"closed","template":"","meta":{"ngg_post_thumbnail":0,"footnotes":""},"class_list":["post-325","page","type-page","status-publish","hentry"],"translation":{"provider":"WPGlobus","version":"3.0.2","language":"hu","enabled_languages":["ro","hu"],"languages":{"ro":{"title":true,"content":true,"excerpt":false},"hu":{"title":true,"content":false,"excerpt":false}}},"_links":{"self":[{"href":"https:\/\/pentruaiton.org\/hu\/wp-json\/wp\/v2\/pages\/325","targetHints":{"allow":["GET"]}}],"collection":[{"href":"https:\/\/pentruaiton.org\/hu\/wp-json\/wp\/v2\/pages"}],"about":[{"href":"https:\/\/pentruaiton.org\/hu\/wp-json\/wp\/v2\/types\/page"}],"author":[{"embeddable":true,"href":"https:\/\/pentruaiton.org\/hu\/wp-json\/wp\/v2\/users\/1"}],"replies":[{"embeddable":true,"href":"https:\/\/pentruaiton.org\/hu\/wp-json\/wp\/v2\/comments?post=325"}],"version-history":[{"count":6,"href":"https:\/\/pentruaiton.org\/hu\/wp-json\/wp\/v2\/pages\/325\/revisions"}],"predecessor-version":[{"id":447,"href":"https:\/\/pentruaiton.org\/hu\/wp-json\/wp\/v2\/pages\/325\/revisions\/447"}],"wp:attachment":[{"href":"https:\/\/pentruaiton.org\/hu\/wp-json\/wp\/v2\/media?parent=325"}],"curies":[{"name":"wp","href":"https:\/\/api.w.org\/{rel}","templated":true}]}}