{"id":92,"date":"2021-11-02T10:59:51","date_gmt":"2021-11-02T10:59:51","guid":{"rendered":"https:\/\/pentruaiton.org\/?page_id=92"},"modified":"2022-01-09T12:07:08","modified_gmt":"2022-01-09T12:07:08","slug":"inscriere","status":"publish","type":"page","link":"https:\/\/pentruaiton.org\/hu\/inscriere\/","title":{"rendered":"Jelentkez\u00e9s"},"content":{"rendered":"<div class=\"wpforms-container wpforms-container-full\" id=\"wpforms-166\"><form id=\"wpforms-form-166\" class=\"wpforms-validate wpforms-form wpforms-ajax-form\" data-formid=\"166\" method=\"post\" enctype=\"multipart\/form-data\" action=\"\/hu\/wp-json\/wp\/v2\/pages\/92\" data-token=\"824d5ff96b28efdddd8c79b89e937ed3\" data-token-time=\"1776442575\"><noscript class=\"wpforms-error-noscript\">K\u00e9rj\u00fck, enged\u00e9lyezze a JavaScriptet b\u00f6ng\u00e9sz\u0151j\u00e9ben az \u0171rlap kit\u00f6lt\u00e9s\u00e9hez.<\/noscript><div class=\"wpforms-field-container\"><div id=\"wpforms-166-field_3-container\" class=\"wpforms-field wpforms-field-name\" data-field-id=\"3\"><label class=\"wpforms-field-label\" for=\"wpforms-166-field_3\">N\u00e9v \u00e9s keresztn\u00e9v <span class=\"wpforms-required-label\">*<\/span><\/label><input type=\"text\" id=\"wpforms-166-field_3\" class=\"wpforms-field-medium wpforms-field-required\" name=\"wpforms[fields][3]\" required><\/div><div id=\"wpforms-166-field_4-container\" class=\"wpforms-field wpforms-field-text\" data-field-id=\"4\"><label class=\"wpforms-field-label\" for=\"wpforms-166-field_4\">C\u00edm <span class=\"wpforms-required-label\">*<\/span><\/label><input type=\"text\" id=\"wpforms-166-field_4\" class=\"wpforms-field-medium wpforms-field-required\" name=\"wpforms[fields][4]\" required><\/div><div id=\"wpforms-166-field_5-container\" class=\"wpforms-field wpforms-field-email\" data-field-id=\"5\"><label class=\"wpforms-field-label\" for=\"wpforms-166-field_5\">E-mail <span class=\"wpforms-required-label\">*<\/span><\/label><input type=\"email\" id=\"wpforms-166-field_5\" class=\"wpforms-field-medium wpforms-field-required\" name=\"wpforms[fields][5]\" spellcheck=\"false\" required><\/div><div id=\"wpforms-166-field_12-container\" class=\"wpforms-field wpforms-field-text\" data-field-id=\"12\"><label class=\"wpforms-field-label\" for=\"wpforms-166-field_12\">Telefonsz\u00e1m<\/label><input type=\"text\" id=\"wpforms-166-field_12\" class=\"wpforms-field-medium\" name=\"wpforms[fields][12]\" ><\/div><div id=\"wpforms-166-field_6-container\" class=\"wpforms-field wpforms-field-checkbox\" data-field-id=\"6\"><label class=\"wpforms-field-label\">Hozz\u00e1j\u00e1rul\u00e1s a szem\u00e9lyes adatok kezel\u00e9s\u00e9hez (GDPR)-nyilatkozat <span class=\"wpforms-required-label\">*<\/span><\/label><ul id=\"wpforms-166-field_6\" class=\"wpforms-field-required\"><li class=\"choice-1 depth-1\"><input type=\"checkbox\" id=\"wpforms-166-field_6_1\" name=\"wpforms[fields][6][]\" value=\"Beleegyezem\" required ><label class=\"wpforms-field-label-inline\" for=\"wpforms-166-field_6_1\">Beleegyezem<\/label><\/li><\/ul><div class=\"wpforms-field-description\">Az adatokat az egyes\u00fclet tagjainak nyilv\u00e1ntart\u00e1s\u00e1ra \u00e9s a tev\u00e9kenys\u00e9geinkr\u0151l sz\u00f3l\u00f3 h\u00edrlevelek kik\u00fcld\u00e9s\u00e9re haszn\u00e1ljuk. A tags\u00e1gr\u00f3l val\u00f3 lemond\u00e1s a szem\u00e9lyes adatok t\u00f6rl\u00e9s\u00e9t vonja maga ut\u00e1n.\r\n<\/div><\/div><div id=\"wpforms-166-field_7-container\" class=\"wpforms-field wpforms-field-checkbox\" data-field-id=\"7\"><label class=\"wpforms-field-label\">Alapszab\u00e1ly <span class=\"wpforms-required-label\">*<\/span><\/label><ul id=\"wpforms-166-field_7\" class=\"wpforms-field-required\"><li class=\"choice-1 depth-1\"><input type=\"checkbox\" id=\"wpforms-166-field_7_1\" name=\"wpforms[fields][7][]\" value=\"Tudom\u00e1sul vettem  \u00e9s tiszteletben tartom  az egyes\u00fclet el\u0151\u00edr\u00e1sait.\" required ><label class=\"wpforms-field-label-inline\" for=\"wpforms-166-field_7_1\">Tudom\u00e1sul vettem  \u00e9s tiszteletben tartom  az egyes\u00fclet el\u0151\u00edr\u00e1sait.<\/label><\/li><\/ul><\/div><div id=\"wpforms-166-field_8-container\" class=\"wpforms-field wpforms-field-checkbox\" data-field-id=\"8\"><label class=\"wpforms-field-label\">Tagd\u00edj <span class=\"wpforms-required-label\">*<\/span><\/label><ul id=\"wpforms-166-field_8\" class=\"wpforms-field-required\"><li class=\"choice-1 depth-1\"><input type=\"checkbox\" id=\"wpforms-166-field_8_1\" name=\"wpforms[fields][8][]\" value=\"Beleegyezem\" required ><label class=\"wpforms-field-label-inline\" for=\"wpforms-166-field_8_1\">Beleegyezem<\/label><\/li><\/ul><div class=\"wpforms-field-description\">Az egyes\u00fclet tagjainak \u00e9ves j\u00e1rul\u00e9ka 100 ron, amit \u00e9ves gyakoris\u00e1ggal\/\u00e9vente kell kifizetni. Az \u00faj tagok a j\u00f3v\u00e1hagy\u00e1s ut\u00e1n tudj\u00e1k a tagd\u00edjat befizetni.<\/div><\/div><div id=\"wpforms-166-field_11-container\" class=\"wpforms-field wpforms-field-checkbox\" data-field-id=\"11\"><label class=\"wpforms-field-label\">\u00c9rtes\u00edt\u00e9sek<\/label><ul id=\"wpforms-166-field_11\"><li class=\"choice-1 depth-1\"><input type=\"checkbox\" id=\"wpforms-166-field_11_1\" name=\"wpforms[fields][11][]\" value=\"Doresc s\u0103 fiu notificat prin e-Mail \u00een leg\u0103tur\u0103 cu activit\u0103\u0163ile asocia\u0163iei.\"  ><label class=\"wpforms-field-label-inline\" for=\"wpforms-166-field_11_1\">Doresc s\u0103 fiu notificat prin e-Mail \u00een leg\u0103tur\u0103 cu activit\u0103\u0163ile asocia\u0163iei.<\/label><\/li><\/ul><\/div><\/div><!-- .wpforms-field-container --><div class=\"wpforms-submit-container\" ><input type=\"hidden\" name=\"wpforms[id]\" value=\"166\"><input type=\"hidden\" name=\"page_title\" value=\"\"><input type=\"hidden\" name=\"page_url\" value=\"https:\/\/pentruaiton.org\/hu\/wp-json\/wp\/v2\/pages\/92\"><input type=\"hidden\" name=\"url_referer\" value=\"\"><button type=\"submit\" name=\"wpforms[submit]\" id=\"wpforms-submit-166\" class=\"wpforms-submit\" data-alt-text=\"K\u00fcld\u00e9s folyamatban\" data-submit-text=\"Beiratkoz\u00e1si k\u00e9relem\" aria-live=\"assertive\" value=\"wpforms-submit\">Beiratkoz\u00e1si k\u00e9relem<\/button><img loading=\"lazy\" decoding=\"async\" src=\"https:\/\/pentruaiton.org\/wp-content\/plugins\/wpforms-lite\/assets\/images\/submit-spin.svg\" class=\"wpforms-submit-spinner\" style=\"display: none;\" width=\"26\" height=\"26\" alt=\"Bet\u00f6lt\u00e9s\"><\/div><\/form><\/div>  <!-- .wpforms-container -->\n","protected":false},"excerpt":{"rendered":"","protected":false},"author":1,"featured_media":86,"parent":0,"menu_order":0,"comment_status":"closed","ping_status":"closed","template":"","meta":{"ngg_post_thumbnail":0,"footnotes":""},"class_list":["post-92","page","type-page","status-publish","has-post-thumbnail","hentry"],"translation":{"provider":"WPGlobus","version":"3.0.2","language":"hu","enabled_languages":["ro","hu"],"languages":{"ro":{"title":true,"content":true,"excerpt":false},"hu":{"title":true,"content":true,"excerpt":false}}},"_links":{"self":[{"href":"https:\/\/pentruaiton.org\/hu\/wp-json\/wp\/v2\/pages\/92","targetHints":{"allow":["GET"]}}],"collection":[{"href":"https:\/\/pentruaiton.org\/hu\/wp-json\/wp\/v2\/pages"}],"about":[{"href":"https:\/\/pentruaiton.org\/hu\/wp-json\/wp\/v2\/types\/page"}],"author":[{"embeddable":true,"href":"https:\/\/pentruaiton.org\/hu\/wp-json\/wp\/v2\/users\/1"}],"replies":[{"embeddable":true,"href":"https:\/\/pentruaiton.org\/hu\/wp-json\/wp\/v2\/comments?post=92"}],"version-history":[{"count":4,"href":"https:\/\/pentruaiton.org\/hu\/wp-json\/wp\/v2\/pages\/92\/revisions"}],"predecessor-version":[{"id":233,"href":"https:\/\/pentruaiton.org\/hu\/wp-json\/wp\/v2\/pages\/92\/revisions\/233"}],"wp:featuredmedia":[{"embeddable":true,"href":"https:\/\/pentruaiton.org\/hu\/wp-json\/wp\/v2\/media\/86"}],"wp:attachment":[{"href":"https:\/\/pentruaiton.org\/hu\/wp-json\/wp\/v2\/media?parent=92"}],"curies":[{"name":"wp","href":"https:\/\/api.w.org\/{rel}","templated":true}]}}